{"id":592,"date":"2024-07-11T16:03:08","date_gmt":"2024-07-11T16:03:08","guid":{"rendered":"https:\/\/etoilefcv2.karita.fr\/?page_id=592"},"modified":"2024-07-11T16:03:45","modified_gmt":"2024-07-11T16:03:45","slug":"mentions-legales","status":"publish","type":"page","link":"https:\/\/etoilefcv2.karita.fr\/?page_id=592","title":{"rendered":"Mentions l\u00e9gales"},"content":{"rendered":"\t\t<div data-elementor-type=\"wp-page\" data-elementor-id=\"592\" class=\"elementor elementor-592\" data-elementor-post-type=\"page\">\n\t\t\t\t<div data-particle_enable=\"false\" data-particle-mobile-disabled=\"false\" class=\"elementor-element elementor-element-fde1800 e-flex e-con-boxed e-con e-parent\" data-id=\"fde1800\" data-element_type=\"container\" data-settings=\"{&quot;background_background&quot;:&quot;classic&quot;,&quot;jet_parallax_layout_list&quot;:[]}\">\n\t\t\t\t\t<div class=\"e-con-inner\">\n\t\t<div data-particle_enable=\"false\" data-particle-mobile-disabled=\"false\" class=\"elementor-element elementor-element-1055f2c e-con-full e-flex e-con e-child\" data-id=\"1055f2c\" data-element_type=\"container\" data-settings=\"{&quot;background_background&quot;:&quot;classic&quot;,&quot;jet_parallax_layout_list&quot;:[]}\">\n\t\t\t\t<div class=\"elementor-element elementor-element-5702284 elementor-widget elementor-widget-heading\" data-id=\"5702284\" data-element_type=\"widget\" data-widget_type=\"heading.default\">\n\t\t\t\t<div class=\"elementor-widget-container\">\n\t\t\t\t\t<h2 class=\"elementor-heading-title elementor-size-default\">Mentions l\u00e9gales\n<\/h2>\t\t\t\t<\/div>\n\t\t\t\t<\/div>\n\t\t\t\t<div class=\"elementor-element elementor-element-8f83ec8 elementor-widget-divider--view-line elementor-widget elementor-widget-divider\" data-id=\"8f83ec8\" data-element_type=\"widget\" data-widget_type=\"divider.default\">\n\t\t\t\t<div class=\"elementor-widget-container\">\n\t\t\t\t\t\t\t<div class=\"elementor-divider\">\n\t\t\t<span class=\"elementor-divider-separator\">\n\t\t\t\t\t\t<\/span>\n\t\t<\/div>\n\t\t\t\t\t\t<\/div>\n\t\t\t\t<\/div>\n\t\t\t\t<div class=\"elementor-element elementor-element-c489b36 elementor-widget elementor-widget-text-editor\" data-id=\"c489b36\" data-element_type=\"widget\" data-widget_type=\"text-editor.default\">\n\t\t\t\t<div class=\"elementor-widget-container\">\n\t\t\t\t\t\t\t\t\t<p style=\"text-align: justify;\"><span style=\"color: #000000;\">SITE R\u00c9ALIS\u00c9 PAR LA SOCI\u00c9T\u00c9<\/span><\/p>\n<p style=\"text-align: justify;\"><span style=\"color: #000000;\">K Publishing<\/span><\/p>\n<p style=\"text-align: justify;\"><span style=\"color: #000000;\">T\u00e9l. :+ 33 4 67 42 66 28<\/span><\/p>\n<p style=\"text-align: justify;\"><span style=\"color: #000000;\">www.kpublishing.fr<\/span><\/p>\n<p style=\"text-align: justify;\"><span style=\"color: #000000;\">contact@kpublishing.fr<\/span><\/p>\n<p style=\"text-align: justify;\"><span style=\"color: #000000;\">\u00a0<\/span><\/p>\n<p style=\"text-align: justify;\"><span style=\"color: #000000;\">INFORMATIONS G\u00c9N\u00c9RALES<\/span><\/p>\n<p style=\"text-align: justify;\"><span style=\"color: #000000;\">Vous \u00eates actuellement connect\u00e9 au site Internet\u00a0<\/span><a style=\"text-align: left; letter-spacing: -0.015em;\" href=\"https:\/\/www.etoilefc.fr\/\">www.etoilefc.fr<\/a><\/p>\n<p style=\"text-align: justify;\"><span style=\"color: #000000;\">\u00a0<\/span><\/p>\n<p style=\"text-align: justify;\"><span style=\"color: #000000;\">\u00c9toile de Fr\u00e9jus,<\/span><\/p>\n176 rue Savournin,\n\n83600 Fr\u00e9jus\n<p style=\"text-align: justify;\"><span style=\"color: #000000;\">\u00a0<\/span><\/p>\n<p style=\"text-align: justify;\"><span style=\"color: #000000;\">\u00c9DITEUR ET H\u00c9BERGEMENT<\/span><\/p>\n<p style=\"text-align: justify;\"><span style=\"color: #000000;\">Vous \u00eates actuellement connect\u00e9 au site Internet\u00a0<\/span><a style=\"letter-spacing: -0.015em; text-align: left;\" href=\"https:\/\/www.etoilefc.fr\/\">https:\/\/www.etoilefc.fr\/<\/a><\/p>\n<p style=\"text-align: justify;\"><span style=\"color: #000000;\">\u00a0<\/span><\/p>\n<p style=\"text-align: justify;\"><span style=\"color: #000000;\">Directeur de la publication : Fabien Sgarra<\/span><\/p>\n<p style=\"text-align: justify;\"><span style=\"color: #000000;\">Site d\u00e9velopp\u00e9 par K Publishing et h\u00e9berg\u00e9 par OVH<\/span><\/p>\n<p style=\"text-align: justify;\"><span style=\"color: #000000;\">\u00a0<\/span><\/p>\n<p style=\"text-align: justify;\"><span style=\"color: #000000;\">K Publishing<\/span><\/p>\n<p style=\"text-align: justify;\"><span style=\"color: #000000;\">14 rue des vergers<\/span><\/p>\n<p style=\"text-align: justify;\"><span style=\"color: #000000;\">34130 MUDAISON \u2013 France<\/span><\/p>\n<p style=\"text-align: justify;\"><span style=\"color: #000000;\">T\u00e9l : +33 4 67 42 66 28<\/span><\/p>\n<p style=\"text-align: justify;\"><span style=\"color: #000000;\">\u00a0<\/span><span style=\"color: #000000; font-size: inherit; letter-spacing: -0.015em;\">\u00a0<\/span><\/p>\n<p style=\"text-align: justify;\"><span style=\"color: #000000;\">OVH<\/span><\/p>\n<p style=\"text-align: justify;\"><span style=\"color: #000000;\">2 rue Kellermann<\/span><\/p>\n<p style=\"text-align: justify;\"><span style=\"color: #000000;\">59100 Roubaix<\/span><\/p>\n<p style=\"text-align: justify;\"><span style=\"color: #000000;\">France.<\/span><\/p>\n<p style=\"text-align: justify;\"><span style=\"color: #000000;\">\u00a0<\/span><\/p>\n<p style=\"text-align: justify;\"><span style=\"color: #000000;\">LOI INFORMATIQUE ET LIBERT\u00c9<\/span><\/p>\n<p style=\"text-align: justify;\"><span style=\"color: #000000;\">Vous disposez d\u2019un droit d\u2019acc\u00e8s, de modification, de rectification et de suppression des donn\u00e9es qui vous concernent (loi \u00ab Informatique et Libert\u00e9s \u00bb du 6 janvier 1978). Pour exercer ce droit, adressez-vous par courrier \u00e0 :<\/span><\/p>\n<p style=\"text-align: justify;\"><span style=\"color: #000000;\">\u00a0<\/span><\/p>\n<p style=\"text-align: justify;\"><span style=\"color: #000000;\">K Publishing<\/span><\/p>\n<p style=\"text-align: justify;\"><span style=\"color: #000000;\">14 rue des Vergers<\/span><\/p>\n<p style=\"text-align: justify;\"><span style=\"color: #000000;\">34130 Mudaison<\/span><\/p>\n<p style=\"text-align: justify;\"><span style=\"color: #000000;\">\u00a0<\/span><\/p>\n<p style=\"text-align: justify;\"><span style=\"color: #000000;\">DROIT D\u2019AUTEUR ET COPYRIGHT<\/span><\/p>\n<p style=\"text-align: justify;\"><span style=\"color: #000000;\">L\u2019ensemble de ce site rel\u00e8ve de la l\u00e9gislation Fran\u00e7aise et internationale sur le droit d\u2019auteur et la propri\u00e9t\u00e9 intellectuelle. Tous les droits de reproduction sont r\u00e9serv\u00e9s, y compris pour les documents t\u00e9l\u00e9chargeables et les repr\u00e9sentations iconographiques et photographiques. La reproduction des textes de ce site sur un support papier ou \u00e9lectronique est autoris\u00e9e, notamment dans le cadre p\u00e9dagogique ou publicitaire, sous r\u00e9serve du respect des trois conditions suivantes : gratuit\u00e9 de la diffusion, respect de l\u2019int\u00e9grit\u00e9 des documents reproduits : pas de modification ni alt\u00e9ration d\u2019aucune sorte, citation claire et lisible de la source sous la forme suivante par exemple : \u00ab ce document provient du site Internet etoilefc.fr :\u00a0<\/span><a href=\"https:\/\/www.etoilefc.fr\/\">https:\/\/www.etoilefc.fr\/<\/a><span style=\"color: #000000;\">\u00a0Les droits de reproduction sont r\u00e9serv\u00e9s et strictement limit\u00e9s \u00bb. L\u2019adresse Internet du site etoilefc.fr doit imp\u00e9rativement figurer dans la r\u00e9f\u00e9rence.<\/span><\/p>\n<p style=\"text-align: justify;\"><span style=\"color: #000000;\">\u00a0<\/span><\/p>\n<p style=\"text-align: justify;\"><span style=\"color: #000000;\">A l\u2019exception des dispositions ci-dessus, toute reproduction, repr\u00e9sentation, utilisation ou adaptation, sous quelque forme que ce soit, de tout ou partie des \u00e9l\u00e9ments du site sans l\u2019accord \u00e9crit de etoilefc.fr est constitutif d\u2019un acte de contrefa\u00e7on sanctionn\u00e9 par le Code de la Propri\u00e9t\u00e9 Intellectuelle. Toutes marques (marques nominales et logos) et tout autre signe distinctif qui apparaissent sur notre site sont la propri\u00e9t\u00e9 de l&#8217;Etoile de Fr\u00e9jus ou de ses partenaires. Par cons\u00e9quent, toute reproduction et\/ou repr\u00e9sentation, et tout usage de ces signes distinctifs sont donc prohib\u00e9s, sauf autorisation \u00e9crite de leur titulaire.<\/span><\/p>\n<p style=\"text-align: justify;\"><span style=\"color: #000000;\">\u00a0<\/span><\/p>\n<p style=\"text-align: justify;\"><span style=\"color: #000000;\">LIENS HYPERTEXTE<\/span><\/p>\n<p style=\"text-align: justify;\"><span style=\"color: #000000;\">etoilefc.fr ne saurait \u00eatre tenue responsable du contenu, des donn\u00e9es, des produits et informations diverses propos\u00e9s \u00e0 travers les sites vers lesquels des liens hypertexte sont r\u00e9alis\u00e9s. En particulier, etoilefc.fr se d\u00e9gage de toute responsabilit\u00e9 relative aux sites dont les donn\u00e9es ne seraient pas conformes aux dispositions l\u00e9gales et r\u00e9glementaires en vigueur.<\/span><\/p>\n<p style=\"text-align: justify;\"><span style=\"color: #000000;\">\u00a0<\/span><\/p>\n<p style=\"text-align: justify;\"><span style=\"color: #000000;\">DROIT APPLICABLE-LITIGES<\/span><\/p>\n<p style=\"text-align: justify;\"><span style=\"color: #000000;\">Les pr\u00e9sentes Mentions L\u00e9gales sont soumises au droit Fran\u00e7ais. En cas de contentieux, les tribunaux fran\u00e7ais seront seuls comp\u00e9tents.<\/span><\/p>\t\t\t\t\t\t\t\t<\/div>\n\t\t\t\t<\/div>\n\t\t\t\t<\/div>\n\t\t\t\t\t<\/div>\n\t\t\t\t<\/div>\n\t\t\t\t<\/div>\n\t\t","protected":false},"excerpt":{"rendered":"<p>Mentions l\u00e9gales SITE R\u00c9ALIS\u00c9 PAR LA SOCI\u00c9T\u00c9 K Publishing T\u00e9l. :+ 33 4 67 42 66 28 www.kpublishing.fr contact@kpublishing.fr \u00a0 INFORMATIONS G\u00c9N\u00c9RALES Vous \u00eates actuellement connect\u00e9 au site Internet\u00a0www.etoilefc.fr \u00a0 \u00c9toile de Fr\u00e9jus, 176 rue Savournin, 83600 Fr\u00e9jus \u00a0 \u00c9DITEUR ET H\u00c9BERGEMENT Vous \u00eates actuellement connect\u00e9 au site Internet\u00a0https:\/\/www.etoilefc.fr\/ \u00a0 Directeur de la publication : [&hellip;]<\/p>\n","protected":false},"author":2,"featured_media":0,"parent":0,"menu_order":0,"comment_status":"closed","ping_status":"closed","template":"elementor_header_footer","meta":{"footnotes":""},"class_list":["post-592","page","type-page","status-publish","hentry"],"_links":{"self":[{"href":"https:\/\/etoilefcv2.karita.fr\/index.php?rest_route=\/wp\/v2\/pages\/592","targetHints":{"allow":["GET"]}}],"collection":[{"href":"https:\/\/etoilefcv2.karita.fr\/index.php?rest_route=\/wp\/v2\/pages"}],"about":[{"href":"https:\/\/etoilefcv2.karita.fr\/index.php?rest_route=\/wp\/v2\/types\/page"}],"author":[{"embeddable":true,"href":"https:\/\/etoilefcv2.karita.fr\/index.php?rest_route=\/wp\/v2\/users\/2"}],"replies":[{"embeddable":true,"href":"https:\/\/etoilefcv2.karita.fr\/index.php?rest_route=%2Fwp%2Fv2%2Fcomments&post=592"}],"version-history":[{"count":4,"href":"https:\/\/etoilefcv2.karita.fr\/index.php?rest_route=\/wp\/v2\/pages\/592\/revisions"}],"predecessor-version":[{"id":596,"href":"https:\/\/etoilefcv2.karita.fr\/index.php?rest_route=\/wp\/v2\/pages\/592\/revisions\/596"}],"wp:attachment":[{"href":"https:\/\/etoilefcv2.karita.fr\/index.php?rest_route=%2Fwp%2Fv2%2Fmedia&parent=592"}],"curies":[{"name":"wp","href":"https:\/\/api.w.org\/{rel}","templated":true}]}}