{"id":307,"date":"2024-06-27T15:17:53","date_gmt":"2024-06-27T15:17:53","guid":{"rendered":"https:\/\/etoilefcv2.karita.fr\/?page_id=307"},"modified":"2024-12-03T14:52:22","modified_gmt":"2024-12-03T13:52:22","slug":"pre-formation","status":"publish","type":"page","link":"https:\/\/etoilefcv2.karita.fr\/?page_id=307","title":{"rendered":"Pr\u00e9-formation"},"content":{"rendered":"\t\t<div data-elementor-type=\"wp-page\" data-elementor-id=\"307\" class=\"elementor elementor-307\" data-elementor-post-type=\"page\">\n\t\t\t\t<div data-particle_enable=\"false\" data-particle-mobile-disabled=\"false\" class=\"elementor-element elementor-element-47276bc e-con-full elementor-hidden-tablet elementor-hidden-mobile e-flex e-con e-parent\" data-id=\"47276bc\" data-element_type=\"container\" data-settings=\"{&quot;background_background&quot;:&quot;classic&quot;,&quot;jet_parallax_layout_list&quot;:[]}\">\n\t\t\t\t<\/div>\n\t\t<div data-particle_enable=\"false\" data-particle-mobile-disabled=\"false\" class=\"elementor-element elementor-element-65d6410 e-con-full elementor-hidden-desktop e-flex e-con e-parent\" data-id=\"65d6410\" data-element_type=\"container\" data-settings=\"{&quot;jet_parallax_layout_list&quot;:[]}\">\n\t\t\t\t<div class=\"elementor-element elementor-element-16f838c elementor-widget elementor-widget-image\" data-id=\"16f838c\" data-element_type=\"widget\" data-widget_type=\"image.default\">\n\t\t\t\t<div class=\"elementor-widget-container\">\n\t\t\t\t\t\t\t\t\t\t\t\t\t\t\t<img fetchpriority=\"high\" decoding=\"async\" width=\"1700\" height=\"750\" src=\"https:\/\/etoilefcv2.karita.fr\/wp-content\/uploads\/2024\/06\/Header-histoire.jpg\" class=\"attachment-2048x2048 size-2048x2048 wp-image-152\" alt=\"\" srcset=\"https:\/\/etoilefcv2.karita.fr\/wp-content\/uploads\/2024\/06\/Header-histoire.jpg 1700w, https:\/\/etoilefcv2.karita.fr\/wp-content\/uploads\/2024\/06\/Header-histoire-300x132.jpg 300w, https:\/\/etoilefcv2.karita.fr\/wp-content\/uploads\/2024\/06\/Header-histoire-1024x452.jpg 1024w, https:\/\/etoilefcv2.karita.fr\/wp-content\/uploads\/2024\/06\/Header-histoire-768x339.jpg 768w, https:\/\/etoilefcv2.karita.fr\/wp-content\/uploads\/2024\/06\/Header-histoire-1536x678.jpg 1536w, https:\/\/etoilefcv2.karita.fr\/wp-content\/uploads\/2024\/06\/Header-histoire-1200x529.jpg 1200w\" sizes=\"(max-width: 1700px) 100vw, 1700px\" \/>\t\t\t\t\t\t\t\t\t\t\t\t\t\t\t<\/div>\n\t\t\t\t<\/div>\n\t\t\t\t<\/div>\n\t\t<div data-particle_enable=\"false\" data-particle-mobile-disabled=\"false\" class=\"elementor-element elementor-element-5cc01a0 e-flex e-con-boxed e-con e-parent\" data-id=\"5cc01a0\" data-element_type=\"container\" data-settings=\"{&quot;background_background&quot;:&quot;classic&quot;,&quot;jet_parallax_layout_list&quot;:[]}\">\n\t\t\t\t\t<div class=\"e-con-inner\">\n\t\t<div data-particle_enable=\"false\" data-particle-mobile-disabled=\"false\" class=\"elementor-element elementor-element-c689969 e-con-full e-flex e-con e-child\" data-id=\"c689969\" data-element_type=\"container\" data-settings=\"{&quot;background_background&quot;:&quot;classic&quot;,&quot;jet_parallax_layout_list&quot;:[]}\">\n\t\t<div data-particle_enable=\"false\" data-particle-mobile-disabled=\"false\" class=\"elementor-element elementor-element-24683ce e-con-full e-flex e-con e-child\" data-id=\"24683ce\" data-element_type=\"container\" data-settings=\"{&quot;jet_parallax_layout_list&quot;:[]}\">\n\t\t<div data-particle_enable=\"false\" data-particle-mobile-disabled=\"false\" class=\"elementor-element elementor-element-4b3cce8 e-con-full e-flex e-con e-child\" data-id=\"4b3cce8\" data-element_type=\"container\" data-settings=\"{&quot;jet_parallax_layout_list&quot;:[]}\">\n\t\t\t\t<div class=\"elementor-element elementor-element-278a865 elementor-widget elementor-widget-heading\" data-id=\"278a865\" data-element_type=\"widget\" data-widget_type=\"heading.default\">\n\t\t\t\t<div class=\"elementor-widget-container\">\n\t\t\t\t\t<h2 class=\"elementor-heading-title elementor-size-default\">Formation<\/h2>\t\t\t\t<\/div>\n\t\t\t\t<\/div>\n\t\t\t\t<div class=\"elementor-element elementor-element-f13e1a5 elementor-widget-divider--view-line elementor-widget elementor-widget-divider\" data-id=\"f13e1a5\" data-element_type=\"widget\" data-widget_type=\"divider.default\">\n\t\t\t\t<div class=\"elementor-widget-container\">\n\t\t\t\t\t\t\t<div class=\"elementor-divider\">\n\t\t\t<span class=\"elementor-divider-separator\">\n\t\t\t\t\t\t<\/span>\n\t\t<\/div>\n\t\t\t\t\t\t<\/div>\n\t\t\t\t<\/div>\n\t\t\t\t<\/div>\n\t\t<div data-particle_enable=\"false\" data-particle-mobile-disabled=\"false\" class=\"elementor-element elementor-element-fdb58bb e-con-full e-flex e-con e-child\" data-id=\"fdb58bb\" data-element_type=\"container\" data-settings=\"{&quot;jet_parallax_layout_list&quot;:[]}\">\n\t\t\t\t<div class=\"elementor-element elementor-element-ec7d34d elementor-widget elementor-widget-heading\" data-id=\"ec7d34d\" data-element_type=\"widget\" data-widget_type=\"heading.default\">\n\t\t\t\t<div class=\"elementor-widget-container\">\n\t\t\t\t\t<h2 class=\"elementor-heading-title elementor-size-default\">Les \u00e9quipes<\/h2>\t\t\t\t<\/div>\n\t\t\t\t<\/div>\n\t\t\t\t<div class=\"elementor-element elementor-element-7128f62 elementor-widget-divider--view-line elementor-widget elementor-widget-divider\" data-id=\"7128f62\" data-element_type=\"widget\" data-widget_type=\"divider.default\">\n\t\t\t\t<div class=\"elementor-widget-container\">\n\t\t\t\t\t\t\t<div class=\"elementor-divider\">\n\t\t\t<span class=\"elementor-divider-separator\">\n\t\t\t\t\t\t<\/span>\n\t\t<\/div>\n\t\t\t\t\t\t<\/div>\n\t\t\t\t<\/div>\n\t\t\t\t<\/div>\n\t\t\t\t<div class=\"elementor-element elementor-element-dd8a523 elementor-widget elementor-widget-eael-adv-tabs\" data-id=\"dd8a523\" data-element_type=\"widget\" data-widget_type=\"eael-adv-tabs.default\">\n\t\t\t\t<div class=\"elementor-widget-container\">\n\t\t\t\t\t        <div data-scroll-on-click=\"no\" data-scroll-speed=\"300\" id=\"eael-advance-tabs-dd8a523\" class=\"eael-advance-tabs eael-tabs-horizontal eael-tab-auto-active \" data-tabid=\"dd8a523\">\n            <div class=\"eael-tabs-nav\">\n                <ul class=\"eael-tab-inline-icon\" role=\"tablist\">\n                                            <li id=\"u15-d1\" class=\"inactive eael-tab-item-trigger eael-tab-nav-item\" aria-selected=\"true\" data-tab=\"1\" role=\"tab\" tabindex=\"0\" aria-controls=\"u15-d1-tab\" aria-expanded=\"false\">\n                            \n                                                        \n                                                            <span class=\"eael-tab-title title-after-icon\" >U15 D1<\/span>                            \n                                                    <\/li>\n                                            <li id=\"u15-d2\" class=\"inactive eael-tab-item-trigger eael-tab-nav-item\" aria-selected=\"false\" data-tab=\"2\" role=\"tab\" tabindex=\"-1\" aria-controls=\"u15-d2-tab\" aria-expanded=\"false\">\n                            \n                                                        \n                                                            <span class=\"eael-tab-title title-after-icon\" >U15 D2<\/span>                            \n                                                    <\/li>\n                                            <li id=\"u14-r2\" class=\"inactive eael-tab-item-trigger eael-tab-nav-item\" aria-selected=\"false\" data-tab=\"3\" role=\"tab\" tabindex=\"-1\" aria-controls=\"u14-r2-tab\" aria-expanded=\"false\">\n                            \n                                                        \n                                                            <span class=\"eael-tab-title title-after-icon\" >U14 R2<\/span>                            \n                                                    <\/li>\n                                            <li id=\"u14-d1\" class=\"inactive eael-tab-item-trigger eael-tab-nav-item\" aria-selected=\"false\" data-tab=\"4\" role=\"tab\" tabindex=\"-1\" aria-controls=\"u14-d1-tab\" aria-expanded=\"false\">\n                            \n                                                        \n                                                            <span class=\"eael-tab-title title-after-icon\" >U14 D1<\/span>                            \n                                                    <\/li>\n                                            <li id=\"u13\" class=\"inactive eael-tab-item-trigger eael-tab-nav-item\" aria-selected=\"false\" data-tab=\"5\" role=\"tab\" tabindex=\"-1\" aria-controls=\"u13-tab\" aria-expanded=\"false\">\n                            \n                                                        \n                                                            <span class=\"eael-tab-title title-after-icon\" >U13<\/span>                            \n                                                    <\/li>\n                                            <li id=\"u12\" class=\"inactive eael-tab-item-trigger eael-tab-nav-item\" aria-selected=\"false\" data-tab=\"6\" role=\"tab\" tabindex=\"-1\" aria-controls=\"u12-tab\" aria-expanded=\"false\">\n                            \n                                                        \n                                                            <span class=\"eael-tab-title title-after-icon\" >U12<\/span>                            \n                                                    <\/li>\n                                    <\/ul>\n            <\/div>\n            \n            <div class=\"eael-tabs-content\">\n\t\t        \n                    <div id=\"u15-d1-tab\" class=\"clearfix eael-tab-content-item inactive\" data-title-link=\"u15-d1-tab\">\n\t\t\t\t        Entraineur(s) : MILLIMONO Christophe &#8211; MILLIMONO Djibril\n\n<strong>District du Var &#8211;\u00a0 D\u00e9partemental 1 :<\/strong> Poule unique                    <\/div>\n\t\t        \n                    <div id=\"u15-d2-tab\" class=\"clearfix eael-tab-content-item inactive\" data-title-link=\"u15-d2-tab\">\n\t\t\t\t        Entraineur(s) : ZILLIANI Axel\n<ul>\n \t<li><strong>District du Var &#8211; D\u00e9partemental 2 :<\/strong> Poule unique<\/li>\n<\/ul>                    <\/div>\n\t\t        \n                    <div id=\"u14-r2-tab\" class=\"clearfix eael-tab-content-item inactive\" data-title-link=\"u14-r2-tab\">\n\t\t\t\t        Entraineur(s) : HENAINI Foued &#8211; HENAINI Yacine\n\n<b>Ligue M\u00e9diterran\u00e9e \u00a0&#8211;\u00a0 R\u00e9gional 2 :<\/b> Poule B                    <\/div>\n\t\t        \n                    <div id=\"u14-d1-tab\" class=\"clearfix eael-tab-content-item inactive\" data-title-link=\"u14-d1-tab\">\n\t\t\t\t        Entraineur(s) : MAGNOLI Vincenzo\n\n<strong>District du Var &#8211;\u00a0 D\u00e9partemental 1 :<\/strong> Poule unique                    <\/div>\n\t\t        \n                    <div id=\"u13-tab\" class=\"clearfix eael-tab-content-item inactive\" data-title-link=\"u13-tab\">\n\t\t\t\t        <strong>U13 Gaby Robert<\/strong>\n\nEntraineur(s) : ABED AIAD Akim &#8211; DAMOUCHE Dams\n\n<strong>District du Var &#8211;\u00a0 Gaby Robert :<\/strong> 2eme phase &#8211; Poule A\n\n<strong>U13 Excellence<\/strong>\n\nEntraineur(s) : YOUSSOUFA Nafti\n\n<strong>District du Var &#8211;\u00a0 Excellence :<\/strong> 2e phase &#8211; Poule B\n\n<strong>U13 Honneur<\/strong>\n\nEntraineur(s) : MARTIN Jeremy                    <\/div>\n\t\t        \n                    <div id=\"u12-tab\" class=\"clearfix eael-tab-content-item inactive\" data-title-link=\"u12-tab\">\n\t\t\t\t        <strong>U12 Excellence<\/strong>\n\nEntraineur(s) : TEORO Albert\n\n<strong>District du Var &#8211;\u00a0 Excellence :<\/strong> 2e phase &#8211; Poule B\n\n<strong>U12 Pr\u00e9-Excellence<\/strong>\n\nEntraineur(s) : ZILIANI Axel &#8211; ALVES DIAS Ylan\n\n<strong>District du Var &#8211;\u00a0 Pr\u00e9 Excellence :<\/strong> 2e Phase &#8211; Poule C\n\n<strong>U12 Honneur\u00a0<\/strong>\n\nEntraineur(s) : FERHAT Abdelkader &#8211; AMEJJAOUI Rachid                    <\/div>\n\t\t                    <\/div>\n        <\/div>\n\t\t\t\t<\/div>\n\t\t\t\t<\/div>\n\t\t\t\t<\/div>\n\t\t\t\t<\/div>\n\t\t\t\t\t<\/div>\n\t\t\t\t<\/div>\n\t\t<div data-particle_enable=\"false\" data-particle-mobile-disabled=\"false\" class=\"elementor-element elementor-element-76265ae e-flex e-con-boxed e-con e-parent\" data-id=\"76265ae\" data-element_type=\"container\" data-settings=\"{&quot;background_background&quot;:&quot;classic&quot;,&quot;jet_parallax_layout_list&quot;:[]}\">\n\t\t\t\t\t<div class=\"e-con-inner\">\n\t\t<div data-particle_enable=\"false\" data-particle-mobile-disabled=\"false\" class=\"elementor-element elementor-element-b789254 e-con-full e-flex e-con e-child\" data-id=\"b789254\" data-element_type=\"container\" data-settings=\"{&quot;background_background&quot;:&quot;classic&quot;,&quot;jet_parallax_layout_list&quot;:[]}\">\n\t\t<div data-particle_enable=\"false\" data-particle-mobile-disabled=\"false\" class=\"elementor-element elementor-element-d5a6d22 e-con-full e-flex e-con e-child\" data-id=\"d5a6d22\" data-element_type=\"container\" data-settings=\"{&quot;jet_parallax_layout_list&quot;:[]}\">\n\t\t<div data-particle_enable=\"false\" data-particle-mobile-disabled=\"false\" class=\"elementor-element elementor-element-b7d0928 e-con-full e-flex e-con e-child\" data-id=\"b7d0928\" data-element_type=\"container\" data-settings=\"{&quot;jet_parallax_layout_list&quot;:[]}\">\n\t\t\t\t<div class=\"elementor-element elementor-element-f0e5e12 elementor-widget elementor-widget-heading\" data-id=\"f0e5e12\" data-element_type=\"widget\" data-widget_type=\"heading.default\">\n\t\t\t\t<div class=\"elementor-widget-container\">\n\t\t\t\t\t<h2 class=\"elementor-heading-title elementor-size-default\">Labels<\/h2>\t\t\t\t<\/div>\n\t\t\t\t<\/div>\n\t\t\t\t<div class=\"elementor-element elementor-element-f6ee93a elementor-widget-divider--view-line elementor-widget elementor-widget-divider\" data-id=\"f6ee93a\" data-element_type=\"widget\" data-widget_type=\"divider.default\">\n\t\t\t\t<div class=\"elementor-widget-container\">\n\t\t\t\t\t\t\t<div class=\"elementor-divider\">\n\t\t\t<span class=\"elementor-divider-separator\">\n\t\t\t\t\t\t<\/span>\n\t\t<\/div>\n\t\t\t\t\t\t<\/div>\n\t\t\t\t<\/div>\n\t\t\t\t<\/div>\n\t\t<div data-particle_enable=\"false\" data-particle-mobile-disabled=\"false\" class=\"elementor-element elementor-element-126cd82 e-con-full e-flex e-con e-child\" data-id=\"126cd82\" data-element_type=\"container\" data-settings=\"{&quot;jet_parallax_layout_list&quot;:[]}\">\n\t\t<div data-particle_enable=\"false\" data-particle-mobile-disabled=\"false\" class=\"elementor-element elementor-element-13c08be e-con-full e-flex e-con e-child\" data-id=\"13c08be\" data-element_type=\"container\" data-settings=\"{&quot;jet_parallax_layout_list&quot;:[]}\">\n\t\t\t\t<div class=\"elementor-element elementor-element-7c34dcf elementor-widget elementor-widget-image\" data-id=\"7c34dcf\" data-element_type=\"widget\" data-widget_type=\"image.default\">\n\t\t\t\t<div class=\"elementor-widget-container\">\n\t\t\t\t\t\t\t\t\t\t\t\t\t\t\t\t<a href=\"https:\/\/www.fff.fr\/\">\n\t\t\t\t\t\t\t<img decoding=\"async\" width=\"272\" height=\"300\" src=\"https:\/\/etoilefcv2.karita.fr\/wp-content\/uploads\/2024\/06\/fff_ecole_feminine.jpg\" class=\"attachment-large size-large wp-image-299\" alt=\"\" \/>\t\t\t\t\t\t\t\t<\/a>\n\t\t\t\t\t\t\t\t\t\t\t\t\t\t\t<\/div>\n\t\t\t\t<\/div>\n\t\t\t\t<\/div>\n\t\t<div data-particle_enable=\"false\" data-particle-mobile-disabled=\"false\" class=\"elementor-element elementor-element-2cbf7a8 e-con-full e-flex e-con e-child\" data-id=\"2cbf7a8\" data-element_type=\"container\" data-settings=\"{&quot;jet_parallax_layout_list&quot;:[]}\">\n\t\t\t\t<div class=\"elementor-element elementor-element-4466782 elementor-widget elementor-widget-image\" data-id=\"4466782\" data-element_type=\"widget\" data-widget_type=\"image.default\">\n\t\t\t\t<div class=\"elementor-widget-container\">\n\t\t\t\t\t\t\t\t\t\t\t\t\t\t\t<img decoding=\"async\" width=\"272\" height=\"300\" src=\"https:\/\/etoilefcv2.karita.fr\/wp-content\/uploads\/2024\/06\/fff_jeune.jpg\" class=\"attachment-large size-large wp-image-300\" alt=\"\" \/>\t\t\t\t\t\t\t\t\t\t\t\t\t\t\t<\/div>\n\t\t\t\t<\/div>\n\t\t\t\t<\/div>\n\t\t\t\t<\/div>\n\t\t\t\t<\/div>\n\t\t<div data-particle_enable=\"false\" data-particle-mobile-disabled=\"false\" class=\"elementor-element elementor-element-bf1514e e-con-full e-flex e-con e-child\" data-id=\"bf1514e\" data-element_type=\"container\" data-settings=\"{&quot;jet_parallax_layout_list&quot;:[]}\">\n\t\t<div data-particle_enable=\"false\" data-particle-mobile-disabled=\"false\" class=\"elementor-element elementor-element-dae35a2 e-con-full e-flex e-con e-child\" data-id=\"dae35a2\" data-element_type=\"container\" data-settings=\"{&quot;jet_parallax_layout_list&quot;:[]}\">\n\t\t\t\t<div class=\"elementor-element elementor-element-ea487e2 elementor-widget elementor-widget-heading\" data-id=\"ea487e2\" data-element_type=\"widget\" data-widget_type=\"heading.default\">\n\t\t\t\t<div class=\"elementor-widget-container\">\n\t\t\t\t\t<h2 class=\"elementor-heading-title elementor-size-default\">Les partenaires de l'Acad\u00e9mie<\/h2>\t\t\t\t<\/div>\n\t\t\t\t<\/div>\n\t\t\t\t<div class=\"elementor-element elementor-element-1e47d69 elementor-widget-divider--view-line elementor-widget elementor-widget-divider\" data-id=\"1e47d69\" data-element_type=\"widget\" data-widget_type=\"divider.default\">\n\t\t\t\t<div class=\"elementor-widget-container\">\n\t\t\t\t\t\t\t<div class=\"elementor-divider\">\n\t\t\t<span class=\"elementor-divider-separator\">\n\t\t\t\t\t\t<\/span>\n\t\t<\/div>\n\t\t\t\t\t\t<\/div>\n\t\t\t\t<\/div>\n\t\t\t\t<\/div>\n\t\t<div data-particle_enable=\"false\" data-particle-mobile-disabled=\"false\" class=\"elementor-element elementor-element-1a8687d e-con-full e-flex e-con e-child\" data-id=\"1a8687d\" data-element_type=\"container\" data-settings=\"{&quot;jet_parallax_layout_list&quot;:[]}\">\n\t\t<div data-particle_enable=\"false\" data-particle-mobile-disabled=\"false\" class=\"elementor-element elementor-element-9ec18b3 e-con-full e-flex e-con e-child\" data-id=\"9ec18b3\" data-element_type=\"container\" data-settings=\"{&quot;jet_parallax_layout_list&quot;:[]}\">\n\t\t\t\t<div class=\"elementor-element elementor-element-5982c9b elementor-widget elementor-widget-image\" data-id=\"5982c9b\" data-element_type=\"widget\" data-widget_type=\"image.default\">\n\t\t\t\t<div class=\"elementor-widget-container\">\n\t\t\t\t\t\t\t\t\t\t\t\t\t\t\t<img loading=\"lazy\" decoding=\"async\" width=\"333\" height=\"178\" src=\"https:\/\/etoilefcv2.karita.fr\/wp-content\/uploads\/2024\/06\/Esterel-cote-dazur-agglo-178-X-333.jpg\" class=\"attachment-large size-large wp-image-89\" alt=\"\" srcset=\"https:\/\/etoilefcv2.karita.fr\/wp-content\/uploads\/2024\/06\/Esterel-cote-dazur-agglo-178-X-333.jpg 333w, https:\/\/etoilefcv2.karita.fr\/wp-content\/uploads\/2024\/06\/Esterel-cote-dazur-agglo-178-X-333-300x160.jpg 300w\" sizes=\"(max-width: 333px) 100vw, 333px\" \/>\t\t\t\t\t\t\t\t\t\t\t\t\t\t\t<\/div>\n\t\t\t\t<\/div>\n\t\t\t\t<\/div>\n\t\t<div data-particle_enable=\"false\" data-particle-mobile-disabled=\"false\" class=\"elementor-element elementor-element-9dfc0cc e-con-full e-flex e-con e-child\" data-id=\"9dfc0cc\" data-element_type=\"container\" data-settings=\"{&quot;jet_parallax_layout_list&quot;:[]}\">\n\t\t\t\t<div class=\"elementor-element elementor-element-2a828c6 elementor-widget elementor-widget-image\" data-id=\"2a828c6\" data-element_type=\"widget\" data-widget_type=\"image.default\">\n\t\t\t\t<div class=\"elementor-widget-container\">\n\t\t\t\t\t\t\t\t\t\t\t\t\t\t\t<img loading=\"lazy\" decoding=\"async\" width=\"580\" height=\"326\" src=\"https:\/\/etoilefcv2.karita.fr\/wp-content\/uploads\/2024\/06\/ville-frejus.jpeg\" class=\"attachment-large size-large wp-image-90\" alt=\"\" srcset=\"https:\/\/etoilefcv2.karita.fr\/wp-content\/uploads\/2024\/06\/ville-frejus.jpeg 1000w, https:\/\/etoilefcv2.karita.fr\/wp-content\/uploads\/2024\/06\/ville-frejus-300x169.jpeg 300w, https:\/\/etoilefcv2.karita.fr\/wp-content\/uploads\/2024\/06\/ville-frejus-768x432.jpeg 768w\" sizes=\"(max-width: 580px) 100vw, 580px\" \/>\t\t\t\t\t\t\t\t\t\t\t\t\t\t\t<\/div>\n\t\t\t\t<\/div>\n\t\t\t\t<\/div>\n\t\t<div data-particle_enable=\"false\" data-particle-mobile-disabled=\"false\" class=\"elementor-element elementor-element-79b1d91 e-con-full e-flex e-con e-child\" data-id=\"79b1d91\" data-element_type=\"container\" data-settings=\"{&quot;jet_parallax_layout_list&quot;:[]}\">\n\t\t\t\t<div class=\"elementor-element elementor-element-120c616 elementor-widget elementor-widget-image\" data-id=\"120c616\" data-element_type=\"widget\" data-widget_type=\"image.default\">\n\t\t\t\t<div class=\"elementor-widget-container\">\n\t\t\t\t\t\t\t\t\t\t\t\t\t\t\t<img loading=\"lazy\" decoding=\"async\" width=\"300\" height=\"300\" src=\"https:\/\/etoilefcv2.karita.fr\/wp-content\/uploads\/2024\/06\/Logo_Saint-Raphael_Var.png\" class=\"attachment-large size-large wp-image-238\" alt=\"\" srcset=\"https:\/\/etoilefcv2.karita.fr\/wp-content\/uploads\/2024\/06\/Logo_Saint-Raphael_Var.png 300w, https:\/\/etoilefcv2.karita.fr\/wp-content\/uploads\/2024\/06\/Logo_Saint-Raphael_Var-150x150.png 150w\" sizes=\"(max-width: 300px) 100vw, 300px\" \/>\t\t\t\t\t\t\t\t\t\t\t\t\t\t\t<\/div>\n\t\t\t\t<\/div>\n\t\t\t\t<\/div>\n\t\t<div data-particle_enable=\"false\" data-particle-mobile-disabled=\"false\" class=\"elementor-element elementor-element-d036e9d e-con-full e-flex e-con e-child\" data-id=\"d036e9d\" data-element_type=\"container\" data-settings=\"{&quot;jet_parallax_layout_list&quot;:[]}\">\n\t\t\t\t<div class=\"elementor-element elementor-element-4fb8cba elementor-widget elementor-widget-image\" data-id=\"4fb8cba\" data-element_type=\"widget\" data-widget_type=\"image.default\">\n\t\t\t\t<div class=\"elementor-widget-container\">\n\t\t\t\t\t\t\t\t\t\t\t\t\t\t\t<img loading=\"lazy\" decoding=\"async\" width=\"203\" height=\"90\" src=\"https:\/\/etoilefcv2.karita.fr\/wp-content\/uploads\/2024\/06\/Quentalys-1.png\" class=\"attachment-large size-large wp-image-302\" alt=\"\" \/>\t\t\t\t\t\t\t\t\t\t\t\t\t\t\t<\/div>\n\t\t\t\t<\/div>\n\t\t\t\t<\/div>\n\t\t\t\t<\/div>\n\t\t\t\t<\/div>\n\t\t\t\t<\/div>\n\t\t\t\t\t<\/div>\n\t\t\t\t<\/div>\n\t\t<div data-particle_enable=\"false\" data-particle-mobile-disabled=\"false\" class=\"elementor-element elementor-element-b651582 e-flex e-con-boxed e-con e-parent\" data-id=\"b651582\" data-element_type=\"container\" data-settings=\"{&quot;jet_parallax_layout_list&quot;:[]}\">\n\t\t\t\t\t<div class=\"e-con-inner\">\n\t\t\t\t<div class=\"elementor-element elementor-element-05a1fc7 elementor-widget elementor-widget-template\" data-id=\"05a1fc7\" data-element_type=\"widget\" data-widget_type=\"template.default\">\n\t\t\t\t<div class=\"elementor-widget-container\">\n\t\t\t\t\t\t\t<div class=\"elementor-template\">\n\t\t\t\t\t<div data-elementor-type=\"section\" data-elementor-id=\"182\" class=\"elementor elementor-182\" data-elementor-post-type=\"elementor_library\">\n\t\t\t<div data-particle_enable=\"false\" data-particle-mobile-disabled=\"false\" class=\"elementor-element elementor-element-6c0d124 e-flex e-con-boxed e-con e-parent\" data-id=\"6c0d124\" data-element_type=\"container\" data-settings=\"{&quot;jet_parallax_layout_list&quot;:[]}\">\n\t\t\t\t\t<div class=\"e-con-inner\">\n\t\t\t\t<div class=\"elementor-element elementor-element-3d0e4d8 elementor-widget elementor-widget-image\" data-id=\"3d0e4d8\" data-element_type=\"widget\" data-widget_type=\"image.default\">\n\t\t\t\t<div class=\"elementor-widget-container\">\n\t\t\t\t\t\t\t\t\t\t\t\t\t\t\t<img loading=\"lazy\" decoding=\"async\" width=\"52\" height=\"50\" src=\"https:\/\/etoilefcv2.karita.fr\/wp-content\/uploads\/2024\/06\/etoile.png\" class=\"attachment-large size-large wp-image-183\" alt=\"\" \/>\t\t\t\t\t\t\t\t\t\t\t\t\t\t\t<\/div>\n\t\t\t\t<\/div>\n\t\t\t\t\t<\/div>\n\t\t\t\t<\/div>\n\t\t\t\t<\/div>\n\t\t\t\t<\/div>\n\t\t\t\t\t\t<\/div>\n\t\t\t\t<\/div>\n\t\t\t\t\t<\/div>\n\t\t\t\t<\/div>\n\t\t\t\t<\/div>\n\t\t","protected":false},"excerpt":{"rendered":"<p>Formation Les \u00e9quipes U15 D1 U15 D2 U14 R2 U14 D1 U13 U12 Entraineur(s) : MILLIMONO Christophe &#8211; MILLIMONO Djibril District du Var &#8211;\u00a0 D\u00e9partemental 1 : Poule unique Entraineur(s) : ZILLIANI Axel District du Var &#8211; D\u00e9partemental 2 : Poule unique Entraineur(s) : HENAINI Foued &#8211; HENAINI Yacine Ligue M\u00e9diterran\u00e9e \u00a0&#8211;\u00a0 R\u00e9gional 2 : [&hellip;]<\/p>\n","protected":false},"author":2,"featured_media":0,"parent":0,"menu_order":0,"comment_status":"closed","ping_status":"closed","template":"elementor_header_footer","meta":{"footnotes":""},"class_list":["post-307","page","type-page","status-publish","hentry"],"_links":{"self":[{"href":"https:\/\/etoilefcv2.karita.fr\/index.php?rest_route=\/wp\/v2\/pages\/307","targetHints":{"allow":["GET"]}}],"collection":[{"href":"https:\/\/etoilefcv2.karita.fr\/index.php?rest_route=\/wp\/v2\/pages"}],"about":[{"href":"https:\/\/etoilefcv2.karita.fr\/index.php?rest_route=\/wp\/v2\/types\/page"}],"author":[{"embeddable":true,"href":"https:\/\/etoilefcv2.karita.fr\/index.php?rest_route=\/wp\/v2\/users\/2"}],"replies":[{"embeddable":true,"href":"https:\/\/etoilefcv2.karita.fr\/index.php?rest_route=%2Fwp%2Fv2%2Fcomments&post=307"}],"version-history":[{"count":19,"href":"https:\/\/etoilefcv2.karita.fr\/index.php?rest_route=\/wp\/v2\/pages\/307\/revisions"}],"predecessor-version":[{"id":3041,"href":"https:\/\/etoilefcv2.karita.fr\/index.php?rest_route=\/wp\/v2\/pages\/307\/revisions\/3041"}],"wp:attachment":[{"href":"https:\/\/etoilefcv2.karita.fr\/index.php?rest_route=%2Fwp%2Fv2%2Fmedia&parent=307"}],"curies":[{"name":"wp","href":"https:\/\/api.w.org\/{rel}","templated":true}]}}