{"id":235,"date":"2024-06-21T13:58:01","date_gmt":"2024-06-21T13:58:01","guid":{"rendered":"https:\/\/etoilefcv2.karita.fr\/?page_id=235"},"modified":"2024-12-03T14:24:36","modified_gmt":"2024-12-03T13:24:36","slug":"projet-grand-stade","status":"publish","type":"page","link":"https:\/\/etoilefcv2.karita.fr\/?page_id=235","title":{"rendered":"Projet grand stade"},"content":{"rendered":"\t\t<div data-elementor-type=\"wp-page\" data-elementor-id=\"235\" class=\"elementor elementor-235\" data-elementor-post-type=\"page\">\n\t\t\t\t<div data-particle_enable=\"false\" data-particle-mobile-disabled=\"false\" class=\"elementor-element elementor-element-47276bc e-con-full elementor-hidden-mobile e-flex e-con e-parent\" data-id=\"47276bc\" data-element_type=\"container\" data-settings=\"{&quot;background_background&quot;:&quot;classic&quot;,&quot;jet_parallax_layout_list&quot;:[]}\">\n\t\t\t\t<\/div>\n\t\t<div data-particle_enable=\"false\" data-particle-mobile-disabled=\"false\" class=\"elementor-element elementor-element-3cac5c7 e-con-full elementor-hidden-desktop elementor-hidden-tablet e-flex e-con e-parent\" data-id=\"3cac5c7\" data-element_type=\"container\" data-settings=\"{&quot;jet_parallax_layout_list&quot;:[]}\">\n\t\t\t\t<div class=\"elementor-element elementor-element-078f270 elementor-widget elementor-widget-image\" data-id=\"078f270\" data-element_type=\"widget\" data-widget_type=\"image.default\">\n\t\t\t\t<div class=\"elementor-widget-container\">\n\t\t\t\t\t\t\t\t\t\t\t\t\t\t\t<img fetchpriority=\"high\" decoding=\"async\" width=\"1700\" height=\"600\" src=\"https:\/\/etoilefcv2.karita.fr\/wp-content\/uploads\/2024\/06\/etoilefc-grand-stade.jpg\" class=\"attachment-full size-full wp-image-231\" alt=\"\" srcset=\"https:\/\/etoilefcv2.karita.fr\/wp-content\/uploads\/2024\/06\/etoilefc-grand-stade.jpg 1700w, https:\/\/etoilefcv2.karita.fr\/wp-content\/uploads\/2024\/06\/etoilefc-grand-stade-300x106.jpg 300w, https:\/\/etoilefcv2.karita.fr\/wp-content\/uploads\/2024\/06\/etoilefc-grand-stade-1024x361.jpg 1024w, https:\/\/etoilefcv2.karita.fr\/wp-content\/uploads\/2024\/06\/etoilefc-grand-stade-768x271.jpg 768w, https:\/\/etoilefcv2.karita.fr\/wp-content\/uploads\/2024\/06\/etoilefc-grand-stade-1536x542.jpg 1536w, https:\/\/etoilefcv2.karita.fr\/wp-content\/uploads\/2024\/06\/etoilefc-grand-stade-1200x424.jpg 1200w\" sizes=\"(max-width: 1700px) 100vw, 1700px\" \/>\t\t\t\t\t\t\t\t\t\t\t\t\t\t\t<\/div>\n\t\t\t\t<\/div>\n\t\t\t\t<\/div>\n\t\t<div data-particle_enable=\"false\" data-particle-mobile-disabled=\"false\" class=\"elementor-element elementor-element-f0fb74a e-flex e-con-boxed e-con e-parent\" data-id=\"f0fb74a\" data-element_type=\"container\" data-settings=\"{&quot;background_background&quot;:&quot;classic&quot;,&quot;jet_parallax_layout_list&quot;:[]}\">\n\t\t\t\t\t<div class=\"e-con-inner\">\n\t\t<div data-particle_enable=\"false\" data-particle-mobile-disabled=\"false\" class=\"elementor-element elementor-element-08f0dbd e-con-full e-flex e-con e-child\" data-id=\"08f0dbd\" data-element_type=\"container\" data-settings=\"{&quot;background_background&quot;:&quot;classic&quot;,&quot;jet_parallax_layout_list&quot;:[]}\">\n\t\t<div data-particle_enable=\"false\" data-particle-mobile-disabled=\"false\" class=\"elementor-element elementor-element-24683ce e-con-full e-flex e-con e-child\" data-id=\"24683ce\" data-element_type=\"container\" data-settings=\"{&quot;jet_parallax_layout_list&quot;:[]}\">\n\t\t<div data-particle_enable=\"false\" data-particle-mobile-disabled=\"false\" class=\"elementor-element elementor-element-17f2742 e-con-full e-flex e-con e-child\" data-id=\"17f2742\" data-element_type=\"container\" data-settings=\"{&quot;jet_parallax_layout_list&quot;:[]}\">\n\t\t\t\t<div class=\"elementor-element elementor-element-278a865 elementor-widget elementor-widget-heading\" data-id=\"278a865\" data-element_type=\"widget\" data-widget_type=\"heading.default\">\n\t\t\t\t<div class=\"elementor-widget-container\">\n\t\t\t\t\t<h2 class=\"elementor-heading-title elementor-size-default\">Grand Stade<\/h2>\t\t\t\t<\/div>\n\t\t\t\t<\/div>\n\t\t\t\t<div class=\"elementor-element elementor-element-f13e1a5 elementor-widget-divider--view-line elementor-widget elementor-widget-divider\" data-id=\"f13e1a5\" data-element_type=\"widget\" data-widget_type=\"divider.default\">\n\t\t\t\t<div class=\"elementor-widget-container\">\n\t\t\t\t\t\t\t<div class=\"elementor-divider\">\n\t\t\t<span class=\"elementor-divider-separator\">\n\t\t\t\t\t\t<\/span>\n\t\t<\/div>\n\t\t\t\t\t\t<\/div>\n\t\t\t\t<\/div>\n\t\t\t\t<\/div>\n\t\t\t\t<\/div>\n\t\t<div data-particle_enable=\"false\" data-particle-mobile-disabled=\"false\" class=\"elementor-element elementor-element-5ea8924 e-con-full e-flex e-con e-child\" data-id=\"5ea8924\" data-element_type=\"container\" data-settings=\"{&quot;background_background&quot;:&quot;classic&quot;,&quot;jet_parallax_layout_list&quot;:[]}\">\n\t\t\t\t<div class=\"elementor-element elementor-element-f8a6d65 elementor-widget elementor-widget-text-editor\" data-id=\"f8a6d65\" data-element_type=\"widget\" data-widget_type=\"text-editor.default\">\n\t\t\t\t<div class=\"elementor-widget-container\">\n\t\t\t\t\t\t\t\t\t<p style=\"text-align: justify;\"><span style=\"color: #000000;\">L\u2019Etoile FC Fr\u00e9jus Saint-Rapha\u00ebl va pouvoir poursuivre son d\u00e9veloppement gr\u00e2ce \u00e0 la construction d\u2019un nouveau stade.<\/span><\/p><p style=\"text-align: justify;\"><span style=\"color: #000000;\">\u00a0<\/span><\/p><p style=\"text-align: justify;\"><span style=\"color: #000000;\">Le projet a \u00e9t\u00e9 act\u00e9 en juillet 2018 au si\u00e8ge de la CAVEM par Roland Bertora, pr\u00e9sident de l\u2019agglo, Fr\u00e9d\u00e9ric Masquelier, maire de Saint-Rapha\u00ebl, et son homologue fr\u00e9jusien, David Rachline. Pour le maire de la ville de Fr\u00e9jus, \u00ab Un stade de foot modulable faisait d\u00e9faut. \u00bb<\/span><\/p><p style=\"text-align: justify;\"><span style=\"color: #000000;\">\u00a0<\/span><\/p><p style=\"text-align: justify;\"><span style=\"color: #000000;\">Ce nouveau stade permettra notamment \u00e0 l\u2019Etoile Football Club Fr\u00e9jus-Saint-Rapha\u00ebl de disposer d\u2019installations \u00e0 m\u00eame\u00a0d\u2019accompagner son d\u00e9veloppement et ses l\u00e9gitimes ambitions sportives, ce que ne permettait ni l\u2019ancien stade Pourcin, ni le stade Louis-Hon.<\/span><\/p><p style=\"text-align: justify;\"><span style=\"color: #000000;\">\u00a0<\/span><\/p><p style=\"text-align: justify;\"><span style=\"color: #000000;\">Ce stade, qui sera situ\u00e9 sur un terrain mis \u00e0 disposition de la CAVEM par la ville de Fr\u00e9jus, sera situ\u00e9 \u00e0 proximit\u00e9 des sorties autorouti\u00e8res et accessible en transports en commun. Un v\u00e9ritable coup d\u2019acc\u00e9l\u00e9rateur pour l\u2019Etoile FC qui va, dans les prochaines saisons, pouvoir b\u00e9n\u00e9ficier d\u2019un outil moderne et fonctionnel.<\/span><\/p>\t\t\t\t\t\t\t\t<\/div>\n\t\t\t\t<\/div>\n\t\t\t\t<\/div>\n\t\t<div data-particle_enable=\"false\" data-particle-mobile-disabled=\"false\" class=\"elementor-element elementor-element-2a6ac96 e-con-full e-flex e-con e-child\" data-id=\"2a6ac96\" data-element_type=\"container\" data-settings=\"{&quot;jet_parallax_layout_list&quot;:[]}\">\n\t\t<div data-particle_enable=\"false\" data-particle-mobile-disabled=\"false\" class=\"elementor-element elementor-element-6bb4ad0 e-con-full e-flex e-con e-child\" data-id=\"6bb4ad0\" data-element_type=\"container\" data-settings=\"{&quot;jet_parallax_layout_list&quot;:[]}\">\n\t\t\t\t<div class=\"elementor-element elementor-element-4512059 elementor-widget elementor-widget-image\" data-id=\"4512059\" data-element_type=\"widget\" data-widget_type=\"image.default\">\n\t\t\t\t<div class=\"elementor-widget-container\">\n\t\t\t\t\t\t\t\t\t\t\t\t\t\t\t<img decoding=\"async\" width=\"580\" height=\"424\" src=\"https:\/\/etoilefcv2.karita.fr\/wp-content\/uploads\/2024\/06\/base-nature.jpg\" class=\"attachment-large size-large wp-image-237\" alt=\"\" srcset=\"https:\/\/etoilefcv2.karita.fr\/wp-content\/uploads\/2024\/06\/base-nature.jpg 590w, https:\/\/etoilefcv2.karita.fr\/wp-content\/uploads\/2024\/06\/base-nature-300x219.jpg 300w\" sizes=\"(max-width: 580px) 100vw, 580px\" \/>\t\t\t\t\t\t\t\t\t\t\t\t\t\t\t<\/div>\n\t\t\t\t<\/div>\n\t\t\t\t<\/div>\n\t\t<div data-particle_enable=\"false\" data-particle-mobile-disabled=\"false\" class=\"elementor-element elementor-element-56b4e77 e-con-full e-flex e-con e-child\" data-id=\"56b4e77\" data-element_type=\"container\" data-settings=\"{&quot;jet_parallax_layout_list&quot;:[]}\">\n\t\t\t\t<div class=\"elementor-element elementor-element-f4a1a73 elementor-widget elementor-widget-heading\" data-id=\"f4a1a73\" data-element_type=\"widget\" data-widget_type=\"heading.default\">\n\t\t\t\t<div class=\"elementor-widget-container\">\n\t\t\t\t\t<h2 class=\"elementor-heading-title elementor-size-default\">La base nature Fran\u00e7ois L\u00e9otard r\u00e9am\u00e9nag\u00e9e<\/h2>\t\t\t\t<\/div>\n\t\t\t\t<\/div>\n\t\t\t\t<div class=\"elementor-element elementor-element-675f1aa elementor-widget elementor-widget-text-editor\" data-id=\"675f1aa\" data-element_type=\"widget\" data-widget_type=\"text-editor.default\">\n\t\t\t\t<div class=\"elementor-widget-container\">\n\t\t\t\t\t\t\t\t\t<p>Les terrains en synth\u00e9tique de la base nature conna\u00eetront, quant \u00e0 eux, une r\u00e9fection pour les entra\u00eenements rencontres des jeunes de l\u2019Etoile Academy. Ces nombreuses \u00e9volutions aideront le club \u00e0 monter en puissance et permettre \u00e0 la formation de se d\u00e9velopper dans d\u2019excellentes conditions.<\/p>\t\t\t\t\t\t\t\t<\/div>\n\t\t\t\t<\/div>\n\t\t\t\t<\/div>\n\t\t\t\t<\/div>\n\t\t<div data-particle_enable=\"false\" data-particle-mobile-disabled=\"false\" class=\"elementor-element elementor-element-fdb58bb e-con-full e-flex e-con e-child\" data-id=\"fdb58bb\" data-element_type=\"container\" data-settings=\"{&quot;jet_parallax_layout_list&quot;:[]}\">\n\t\t<div data-particle_enable=\"false\" data-particle-mobile-disabled=\"false\" class=\"elementor-element elementor-element-2ff711e e-con-full e-flex e-con e-child\" data-id=\"2ff711e\" data-element_type=\"container\" data-settings=\"{&quot;jet_parallax_layout_list&quot;:[]}\">\n\t\t\t\t<div class=\"elementor-element elementor-element-ec7d34d elementor-widget elementor-widget-heading\" data-id=\"ec7d34d\" data-element_type=\"widget\" data-widget_type=\"heading.default\">\n\t\t\t\t<div class=\"elementor-widget-container\">\n\t\t\t\t\t<h2 class=\"elementor-heading-title elementor-size-default\">Les partenaires du projet Grand Stade<\/h2>\t\t\t\t<\/div>\n\t\t\t\t<\/div>\n\t\t\t\t<div class=\"elementor-element elementor-element-7128f62 elementor-widget-divider--view-line elementor-widget elementor-widget-divider\" data-id=\"7128f62\" data-element_type=\"widget\" data-widget_type=\"divider.default\">\n\t\t\t\t<div class=\"elementor-widget-container\">\n\t\t\t\t\t\t\t<div class=\"elementor-divider\">\n\t\t\t<span class=\"elementor-divider-separator\">\n\t\t\t\t\t\t<\/span>\n\t\t<\/div>\n\t\t\t\t\t\t<\/div>\n\t\t\t\t<\/div>\n\t\t\t\t<\/div>\n\t\t<div data-particle_enable=\"false\" data-particle-mobile-disabled=\"false\" class=\"elementor-element elementor-element-a5dbea6 e-con-full e-flex e-con e-child\" data-id=\"a5dbea6\" data-element_type=\"container\" data-settings=\"{&quot;jet_parallax_layout_list&quot;:[]}\">\n\t\t<div data-particle_enable=\"false\" data-particle-mobile-disabled=\"false\" class=\"elementor-element elementor-element-bd5afc2 e-con-full e-flex e-con e-child\" data-id=\"bd5afc2\" data-element_type=\"container\" data-settings=\"{&quot;jet_parallax_layout_list&quot;:[]}\">\n\t\t\t\t<div class=\"elementor-element elementor-element-b05f0a5 elementor-widget elementor-widget-image\" data-id=\"b05f0a5\" data-element_type=\"widget\" data-widget_type=\"image.default\">\n\t\t\t\t<div class=\"elementor-widget-container\">\n\t\t\t\t\t\t\t\t\t\t\t\t\t\t\t<img decoding=\"async\" width=\"446\" height=\"264\" src=\"https:\/\/etoilefcv2.karita.fr\/wp-content\/uploads\/2024\/09\/ESTEREL.png\" class=\"attachment-large size-large wp-image-1644\" alt=\"\" srcset=\"https:\/\/etoilefcv2.karita.fr\/wp-content\/uploads\/2024\/09\/ESTEREL.png 446w, https:\/\/etoilefcv2.karita.fr\/wp-content\/uploads\/2024\/09\/ESTEREL-300x178.png 300w\" sizes=\"(max-width: 446px) 100vw, 446px\" \/>\t\t\t\t\t\t\t\t\t\t\t\t\t\t\t<\/div>\n\t\t\t\t<\/div>\n\t\t\t\t<\/div>\n\t\t<div data-particle_enable=\"false\" data-particle-mobile-disabled=\"false\" class=\"elementor-element elementor-element-e885a24 e-con-full e-flex e-con e-child\" data-id=\"e885a24\" data-element_type=\"container\" data-settings=\"{&quot;jet_parallax_layout_list&quot;:[]}\">\n\t\t\t\t<div class=\"elementor-element elementor-element-295da79 elementor-widget elementor-widget-image\" data-id=\"295da79\" data-element_type=\"widget\" data-widget_type=\"image.default\">\n\t\t\t\t<div class=\"elementor-widget-container\">\n\t\t\t\t\t\t\t\t\t\t\t\t\t\t\t<img loading=\"lazy\" decoding=\"async\" width=\"580\" height=\"326\" src=\"https:\/\/etoilefcv2.karita.fr\/wp-content\/uploads\/2024\/06\/ville-frejus.jpeg\" class=\"attachment-large size-large wp-image-90\" alt=\"\" srcset=\"https:\/\/etoilefcv2.karita.fr\/wp-content\/uploads\/2024\/06\/ville-frejus.jpeg 1000w, https:\/\/etoilefcv2.karita.fr\/wp-content\/uploads\/2024\/06\/ville-frejus-300x169.jpeg 300w, https:\/\/etoilefcv2.karita.fr\/wp-content\/uploads\/2024\/06\/ville-frejus-768x432.jpeg 768w\" sizes=\"(max-width: 580px) 100vw, 580px\" \/>\t\t\t\t\t\t\t\t\t\t\t\t\t\t\t<\/div>\n\t\t\t\t<\/div>\n\t\t\t\t<\/div>\n\t\t<div data-particle_enable=\"false\" data-particle-mobile-disabled=\"false\" class=\"elementor-element elementor-element-e3ebf36 e-con-full e-flex e-con e-child\" data-id=\"e3ebf36\" data-element_type=\"container\" data-settings=\"{&quot;jet_parallax_layout_list&quot;:[]}\">\n\t\t\t\t<div class=\"elementor-element elementor-element-1b37371 elementor-widget elementor-widget-image\" data-id=\"1b37371\" data-element_type=\"widget\" data-widget_type=\"image.default\">\n\t\t\t\t<div class=\"elementor-widget-container\">\n\t\t\t\t\t\t\t\t\t\t\t\t\t\t\t<img loading=\"lazy\" decoding=\"async\" width=\"300\" height=\"300\" src=\"https:\/\/etoilefcv2.karita.fr\/wp-content\/uploads\/2024\/06\/Logo_Saint-Raphael_Var.png\" class=\"attachment-medium size-medium wp-image-238\" alt=\"\" srcset=\"https:\/\/etoilefcv2.karita.fr\/wp-content\/uploads\/2024\/06\/Logo_Saint-Raphael_Var.png 300w, https:\/\/etoilefcv2.karita.fr\/wp-content\/uploads\/2024\/06\/Logo_Saint-Raphael_Var-150x150.png 150w\" sizes=\"(max-width: 300px) 100vw, 300px\" \/>\t\t\t\t\t\t\t\t\t\t\t\t\t\t\t<\/div>\n\t\t\t\t<\/div>\n\t\t\t\t<\/div>\n\t\t<div data-particle_enable=\"false\" data-particle-mobile-disabled=\"false\" class=\"elementor-element elementor-element-0c163b3 e-con-full e-flex e-con e-child\" data-id=\"0c163b3\" data-element_type=\"container\" data-settings=\"{&quot;jet_parallax_layout_list&quot;:[]}\">\n\t\t\t\t<div class=\"elementor-element elementor-element-89be081 elementor-widget elementor-widget-image\" data-id=\"89be081\" data-element_type=\"widget\" data-widget_type=\"image.default\">\n\t\t\t\t<div class=\"elementor-widget-container\">\n\t\t\t\t\t\t\t\t\t\t\t\t\t\t\t<img loading=\"lazy\" decoding=\"async\" width=\"512\" height=\"512\" src=\"https:\/\/etoilefcv2.karita.fr\/wp-content\/uploads\/2024\/06\/cropped-logo-etoile-fc-2024-513x513-1.png\" class=\"attachment-1536x1536 size-1536x1536 wp-image-13\" alt=\"\" srcset=\"https:\/\/etoilefcv2.karita.fr\/wp-content\/uploads\/2024\/06\/cropped-logo-etoile-fc-2024-513x513-1.png 512w, https:\/\/etoilefcv2.karita.fr\/wp-content\/uploads\/2024\/06\/cropped-logo-etoile-fc-2024-513x513-1-300x300.png 300w, https:\/\/etoilefcv2.karita.fr\/wp-content\/uploads\/2024\/06\/cropped-logo-etoile-fc-2024-513x513-1-150x150.png 150w, https:\/\/etoilefcv2.karita.fr\/wp-content\/uploads\/2024\/06\/cropped-logo-etoile-fc-2024-513x513-1-270x270.png 270w, https:\/\/etoilefcv2.karita.fr\/wp-content\/uploads\/2024\/06\/cropped-logo-etoile-fc-2024-513x513-1-192x192.png 192w, https:\/\/etoilefcv2.karita.fr\/wp-content\/uploads\/2024\/06\/cropped-logo-etoile-fc-2024-513x513-1-180x180.png 180w, https:\/\/etoilefcv2.karita.fr\/wp-content\/uploads\/2024\/06\/cropped-logo-etoile-fc-2024-513x513-1-32x32.png 32w\" sizes=\"(max-width: 512px) 100vw, 512px\" \/>\t\t\t\t\t\t\t\t\t\t\t\t\t\t\t<\/div>\n\t\t\t\t<\/div>\n\t\t\t\t<\/div>\n\t\t\t\t<\/div>\n\t\t\t\t<\/div>\n\t\t\t\t<\/div>\n\t\t\t\t\t<\/div>\n\t\t\t\t<\/div>\n\t\t<div data-particle_enable=\"false\" data-particle-mobile-disabled=\"false\" class=\"elementor-element elementor-element-b651582 e-flex e-con-boxed e-con e-parent\" data-id=\"b651582\" data-element_type=\"container\" data-settings=\"{&quot;jet_parallax_layout_list&quot;:[]}\">\n\t\t\t\t\t<div class=\"e-con-inner\">\n\t\t\t\t<div class=\"elementor-element elementor-element-05a1fc7 elementor-widget elementor-widget-template\" data-id=\"05a1fc7\" data-element_type=\"widget\" data-widget_type=\"template.default\">\n\t\t\t\t<div class=\"elementor-widget-container\">\n\t\t\t\t\t\t\t<div class=\"elementor-template\">\n\t\t\t\t\t<div data-elementor-type=\"section\" data-elementor-id=\"182\" class=\"elementor elementor-182\" data-elementor-post-type=\"elementor_library\">\n\t\t\t<div data-particle_enable=\"false\" data-particle-mobile-disabled=\"false\" class=\"elementor-element elementor-element-6c0d124 e-flex e-con-boxed e-con e-parent\" data-id=\"6c0d124\" data-element_type=\"container\" data-settings=\"{&quot;jet_parallax_layout_list&quot;:[]}\">\n\t\t\t\t\t<div class=\"e-con-inner\">\n\t\t\t\t<div class=\"elementor-element elementor-element-3d0e4d8 elementor-widget elementor-widget-image\" data-id=\"3d0e4d8\" data-element_type=\"widget\" data-widget_type=\"image.default\">\n\t\t\t\t<div class=\"elementor-widget-container\">\n\t\t\t\t\t\t\t\t\t\t\t\t\t\t\t<img loading=\"lazy\" decoding=\"async\" width=\"52\" height=\"50\" src=\"https:\/\/etoilefcv2.karita.fr\/wp-content\/uploads\/2024\/06\/etoile.png\" class=\"attachment-large size-large wp-image-183\" alt=\"\" \/>\t\t\t\t\t\t\t\t\t\t\t\t\t\t\t<\/div>\n\t\t\t\t<\/div>\n\t\t\t\t\t<\/div>\n\t\t\t\t<\/div>\n\t\t\t\t<\/div>\n\t\t\t\t<\/div>\n\t\t\t\t\t\t<\/div>\n\t\t\t\t<\/div>\n\t\t\t\t\t<\/div>\n\t\t\t\t<\/div>\n\t\t\t\t<\/div>\n\t\t","protected":false},"excerpt":{"rendered":"<p>Grand Stade L\u2019Etoile FC Fr\u00e9jus Saint-Rapha\u00ebl va pouvoir poursuivre son d\u00e9veloppement gr\u00e2ce \u00e0 la construction d\u2019un nouveau stade. \u00a0 Le projet a \u00e9t\u00e9 act\u00e9 en juillet 2018 au si\u00e8ge de la CAVEM par Roland Bertora, pr\u00e9sident de l\u2019agglo, Fr\u00e9d\u00e9ric Masquelier, maire de Saint-Rapha\u00ebl, et son homologue fr\u00e9jusien, David Rachline. Pour le maire de la ville [&hellip;]<\/p>\n","protected":false},"author":2,"featured_media":0,"parent":0,"menu_order":0,"comment_status":"closed","ping_status":"closed","template":"elementor_header_footer","meta":{"footnotes":""},"class_list":["post-235","page","type-page","status-publish","hentry"],"_links":{"self":[{"href":"https:\/\/etoilefcv2.karita.fr\/index.php?rest_route=\/wp\/v2\/pages\/235","targetHints":{"allow":["GET"]}}],"collection":[{"href":"https:\/\/etoilefcv2.karita.fr\/index.php?rest_route=\/wp\/v2\/pages"}],"about":[{"href":"https:\/\/etoilefcv2.karita.fr\/index.php?rest_route=\/wp\/v2\/types\/page"}],"author":[{"embeddable":true,"href":"https:\/\/etoilefcv2.karita.fr\/index.php?rest_route=\/wp\/v2\/users\/2"}],"replies":[{"embeddable":true,"href":"https:\/\/etoilefcv2.karita.fr\/index.php?rest_route=%2Fwp%2Fv2%2Fcomments&post=235"}],"version-history":[{"count":16,"href":"https:\/\/etoilefcv2.karita.fr\/index.php?rest_route=\/wp\/v2\/pages\/235\/revisions"}],"predecessor-version":[{"id":3020,"href":"https:\/\/etoilefcv2.karita.fr\/index.php?rest_route=\/wp\/v2\/pages\/235\/revisions\/3020"}],"wp:attachment":[{"href":"https:\/\/etoilefcv2.karita.fr\/index.php?rest_route=%2Fwp%2Fv2%2Fmedia&parent=235"}],"curies":[{"name":"wp","href":"https:\/\/api.w.org\/{rel}","templated":true}]}}